{"id":107,"date":"2014-09-11T10:42:20","date_gmt":"2014-09-11T14:42:20","guid":{"rendered":"http:\/\/demo.themesuite.com\/automotive-wp\/?page_id=107"},"modified":"2026-02-18T10:37:31","modified_gmt":"2026-02-18T09:37:31","slug":"our-team","status":"publish","type":"page","link":"https:\/\/www.hipfl-walli.at\/hipfl-walli\/?page_id=107","title":{"rendered":"Team"},"content":{"rendered":"<p>[vc_row css=&#8220;.vc_custom_1410358708453{margin-bottom: 10px !important;}&#8220;][vc_column][vc_single_image image=&#8220;1223&#8243; img_size=&#8220;large&#8220; alignment=&#8220;center&#8220; style=&#8220;vc_box_rounded&#8220; css_animation=&#8220;fadeIn&#8220;][vc_column_text]<\/p>\n<h3>MANAGEMENT<\/h3>\n<p>[\/vc_column_text][\/vc_column][\/vc_row][vc_row css=&#8220;.vc_custom_1410359107639{margin-bottom: 70px !important;}&#8220;][vc_column width=&#8220;1\/4&#8243;]<div class=\"team hoverimg \"> <a href=\"https:\/\/www.hipfl-walli.at\/hipfl-walli\/wp-content\/uploads\/2025\/02\/DSM8434-scaled.jpg\" class=\"fancybox\"> <img decoding=\"async\" src=\"https:\/\/www.hipfl-walli.at\/hipfl-walli\/wp-content\/uploads\/2024\/02\/DSM8370.jpg\" class=\"aligncenter no_border\" alt=\"Ing. Andreas Hipfl\" \/> <\/a><div class=\"name_post\"><h4>Ing. Andreas Hipfl<\/h4><p>Gesch\u00e4ftsf\u00fchrer<\/p><\/div><div class=\"about_team\"><p>Betreibt seit Ende 2015 den Betrieb in Kilb.<\/p>\n<p>Andreas Hipfl hat 2007 die HTL f\u00fcr Maschinenbau abgeschlossen und anschlie\u00dfend viele Jahre Erfahrung bei einem namhaften \u00f6sterreichischen Familienunternehmen gesammelt. 2014 kam der Branchenwechsel und der Weg in die Selbstst\u00e4ndigkeit begann. Er hat die F\u00fchrerscheine aller Klassen, inkl. D und die Berufskraftfahrerqualifikation C95\/D95, au\u00dferdem die Meisterpr\u00fcfung als KFZ-Techniker. Er ist &#8222;geeignete Person&#8220; f\u00fcr \u00a757a \u00dcberpr\u00fcfungen aller Fahrzeuge und hat in den letzten Jahren unz\u00e4hlige Schulungen und Weiterbildungen im Bereich von Fahrzeugumbauten f\u00fcr Personen mit besonderen Bed\u00fcrfnissen absolviert. Seine Erfolge als Rennfahrer (S1-Meister 2015 Drift Challenge Austria, seit 2016 im Rallycross unterwegs, 2018+2019 Gesamtsieger international) sind eine Top Referenz f\u00fcr den von ihm angebotenen Renndienst.<\/p>\n<p>Pers\u00f6nlicher Kontakt zu den Kunden ist ihm am wichtigsten.<\/p><ul><li><i class=\"fa fa-phone\"><\/i>+43 680 121 99 05<\/li><li><i class=\"fa fa-envelope-o\"><\/i><a href='mailto:andreas.hipfl@hipfl-walli.at'>andreas.hipfl@hipfl-walli.at<\/a><\/li><\/ul><\/div><div class=\"social_team pull-left\"><ul class=\"social\"><li class='margin-bottom-none'><a href=\"https:\/\/www.facebook.com\/andreas.hipfl.1\" class=\"facebook\"><\/a><\/li>\n<\/ul><\/div><div class=\"clearfix\"><\/div><\/div>[\/vc_column][vc_column width=&#8220;1\/4&#8243;]<div class=\"team hoverimg \">  <img decoding=\"async\" src=\"https:\/\/www.hipfl-walli.at\/hipfl-walli\/wp-content\/uploads\/2014\/09\/hanneswalli.jpg\" class=\"aligncenter no_border\" alt=\"Hannes Walli\" \/> <div class=\"name_post\"><h4>Hannes Walli<\/h4><p>Pensionist - ``Oidchef``<\/p><\/div><div class=\"about_team\"><p>1982 gr\u00fcndete Hannes Walli als Erg\u00e4nzung zu dem v\u00e4terlichen Transportunternehmen das Autohaus Walli. Gemeinsam mit seiner Frau Leopoldine hat er 32 Jahre lang, sehr erfolgreich die Gesch\u00e4fte gef\u00fchrt. Seit 2016 genie\u00dft er die wohlverdiente Pension.<\/p><ul><\/ul><\/div><div class=\"social_team pull-left\"><ul class=\"social\"><li class='margin-bottom-none'><a href=\"https:\/\/www.facebook.com\/Autohaus-Hipfl-Walli-1506450409654864\/\" class=\"facebook\"><\/a><\/li>\n<\/ul><\/div><div class=\"clearfix\"><\/div><\/div>[\/vc_column][vc_column width=&#8220;1\/4&#8243;][\/vc_column][vc_column width=&#8220;1\/4&#8243;][\/vc_column][\/vc_row][vc_row css=&#8220;.vc_custom_1410358730115{margin-bottom: 10px !important;}&#8220;][vc_column][vc_column_text]<\/p>\n<h3>WERKSTATT<\/h3>\n<p>[\/vc_column_text][\/vc_column][\/vc_row][vc_row css=&#8220;.vc_custom_1410359126831{margin-bottom: 70px !important;}&#8220;][vc_column width=&#8220;1\/4&#8243;]<div class=\"team hoverimg \"> <a href=\"https:\/\/www.hipfl-walli.at\/hipfl-walli\/wp-content\/uploads\/2025\/02\/DSM8443-scaled.jpg\" class=\"fancybox\"> <img decoding=\"async\" src=\"https:\/\/www.hipfl-walli.at\/hipfl-walli\/wp-content\/uploads\/2025\/02\/DSM8350-scaled.jpg\" class=\"aligncenter no_border\" alt=\"Walter Grenl\" \/> <\/a><div class=\"name_post\"><h4>Walter Grenl<\/h4><p>Spezialist f\u00fcr ``eh alles``<\/p><\/div><div class=\"about_team\"><p>Seit 01.07.1985 also fast 40 Jahren ist unser Walter um das Wohl der Kunden bem\u00fcht. Nichts kann ihn aus der Ruhe bringen, keine Aufgabe zu schwierig, kein Wetter zu schlecht. Er repariert, was von anderen als hoffnungslos besch\u00e4digt aufgegeben wird. Unser Geheimtipp f\u00fcr Ihre besonderen Probleme!<\/p><ul><\/ul><\/div><div class=\"social_team pull-left\"><ul class=\"social\"><\/ul><\/div><div class=\"clearfix\"><\/div><\/div><div class=\"team hoverimg \"> <a href=\"https:\/\/www.hipfl-walli.at\/hipfl-walli\/wp-content\/uploads\/2025\/02\/DSM8427-scaled.jpg\" class=\"fancybox\"> <img decoding=\"async\" src=\"https:\/\/www.hipfl-walli.at\/hipfl-walli\/wp-content\/uploads\/2024\/02\/DSM8378.jpg\" class=\"aligncenter no_border\" alt=\"Joel ``Karli`` Gradinger\" \/> <\/a><div class=\"name_post\"><h4>Joel ``Karli`` Gradinger<\/h4><p>Lehrling<\/p><\/div><div class=\"about_team\"><p>Seit 2023 ist &#8222;Karli&#8220; wie er liebevoll von seinen Kollegen genannt wird als Lehrling in unserem Betrieb t\u00e4tig und k\u00fcmmert sich um alle Aufgaben rund ums KFZ.<\/p><ul><\/ul><\/div><div class=\"social_team pull-left\"><ul class=\"social\"><\/ul><\/div><div class=\"clearfix\"><\/div><\/div>[\/vc_column][vc_column width=&#8220;1\/4&#8243;]<div class=\"team hoverimg \"> <a href=\"https:\/\/www.hipfl-walli.at\/hipfl-walli\/wp-content\/uploads\/2025\/02\/DSM8422-scaled.jpg\" class=\"fancybox\"> <img decoding=\"async\" src=\"https:\/\/www.hipfl-walli.at\/hipfl-walli\/wp-content\/uploads\/2025\/02\/DSM8361-scaled.jpg\" class=\"aligncenter no_border\" alt=\"Roman Krolikowski\" \/> <\/a><div class=\"name_post\"><h4>Roman Krolikowski<\/h4><p>Spengler\/Lackierer<\/p><\/div><div class=\"about_team\"><p>Seit vielen Jahren verst\u00e4rkt Roman bereits unser Team um nach Unf\u00e4llen dein Fahrzeug wieder von neuem Glanz erstrahlen zu lassen.<\/p>\n<p>Auch gr\u00f6\u00dfere Projekte, Restaurierungen und gro\u00dffl\u00e4chige Rostreperaturen geh\u00f6ren zu seinem Spezialgebiet.<\/p><ul><\/ul><\/div><div class=\"social_team pull-left\"><ul class=\"social\"><\/ul><\/div><div class=\"clearfix\"><\/div><\/div>[\/vc_column][vc_column width=&#8220;1\/4&#8243;]<div class=\"team hoverimg \"> <a href=\"https:\/\/www.hipfl-walli.at\/hipfl-walli\/wp-content\/uploads\/2025\/02\/DSM8415-scaled.jpg\" class=\"fancybox\"> <img decoding=\"async\" src=\"https:\/\/www.hipfl-walli.at\/hipfl-walli\/wp-content\/uploads\/2025\/02\/DSM8357-scaled.jpg\" class=\"aligncenter no_border\" alt=\"Josef Bugay\" \/> <\/a><div class=\"name_post\"><h4>Josef Bugay<\/h4><p>Spezialist f\u00fcr Rollstuhlgerechte Umbauten<\/p><\/div><div class=\"about_team\"><p>Seit 2021 k\u00fcmmert sich unser Josef in Kilb um alle Spezialumbauten rund um Personen mit eingeschr\u00e4nkter Mobilit\u00e4t. Ob Umbauten f\u00fcr Aktiv-Fahrer,Passiv-Fahrer, oder Taxiunternehmen kein Umbau ist ihm zu kompliziert.<\/p>\n<p>Er hat jahrzehntelange Erfahrung in diesem Bereich und selbst, wenn mal bei einem Neufahrzeug der komplette Boden herausgeschnitten werden muss um die notwendige Innenh\u00f6he f\u00fcr den Rollstuhlfahrer zu erreichen, ist Josef nicht aus der Ruhe zu bringen.<\/p><ul><\/ul><\/div><div class=\"social_team pull-left\"><ul class=\"social\"><\/ul><\/div><div class=\"clearfix\"><\/div><\/div>[\/vc_column][\/vc_row][vc_row][vc_column][vc_column_text]<\/p>\n<h3>B\u00dcRO<\/h3>\n<p>[\/vc_column_text][\/vc_column][\/vc_row][vc_row][vc_column width=&#8220;1\/3&#8243;]<div class=\"team hoverimg \">  <img decoding=\"async\" src=\"https:\/\/www.hipfl-walli.at\/hipfl-walli\/wp-content\/uploads\/2025\/02\/claudia.jpg\" class=\"aligncenter no_border\" alt=\"Claudia Schnetzinger\" \/> <div class=\"name_post\"><h4>Claudia Schnetzinger<\/h4><p>Einkauf\/Verkauf\/Buchhaltung<\/p><\/div><div class=\"about_team\"><p>Terminkoordination, Einkauf und Beschaffung von Ersatzteilen. Kein Anruf zu viel, kein Ersatzteil zu selten, egal wo wie und wann es uns erreicht, es erreicht uns das f\u00fcr dich passende kosteng\u00fcnstige Ersatzteil. Ein Pickerltermin am n\u00e4chsten Tag? Hier bist du Richtig!<\/p><ul><li><i class=\"fa fa-phone\"><\/i>+43 2748 72 47<\/li><li><i class=\"fa fa-envelope-o\"><\/i><a href='mailto:claudia@hipfl-walli.at'>claudia@hipfl-walli.at<\/a><\/li><\/ul><\/div><div class=\"social_team pull-left\"><ul class=\"social\"><\/ul><\/div><div class=\"clearfix\"><\/div><\/div>[vc_column][\/vc_column][\/vc_column][vc_column width=&#8220;1\/3&#8243;][\/vc_column][\/vc_row][vc_row][vc_column][\/vc_column][\/vc_row][vc_row][vc_column][\/vc_column][\/vc_row][vc_row][vc_column][\/vc_column][\/vc_row][vc_row][vc_column][\/vc_column][\/vc_row][vc_row][vc_column][\/vc_column][\/vc_row][vc_column][\/vc_column][vc_row el_class=&#8220;fullwidth_element bottom_element&#8220;][vc_column]<div class='contact google_map_init ' data-longitude='15.406526606529951' data-latitude='48.10534215958895' data-zoom='11' style='height: 390px;' data-style='[{\"featureType\":\"landscape\",\"elementType\":\"labels\",\"stylers\":[{\"visibility\":\"off\"}]},{\"featureType\":\"transit\",\"elementType\":\"labels\",\"stylers\":[{\"visibility\":\"off\"}]},{\"featureType\":\"poi\",\"elementType\":\"labels\",\"stylers\":[{\"visibility\":\"off\"}]},{\"featureType\":\"water\",\"elementType\":\"labels\",\"stylers\":[{\"visibility\":\"off\"}]},{\"featureType\":\"road\",\"elementType\":\"labels.icon\",\"stylers\":[{\"visibility\":\"off\"}]},{\"stylers\":[{\"hue\":\"#F0F0F0\"},{\"saturation\":-100},{\"gamma\":2.15},{\"lightness\":12}]},{\"featureType\":\"road\",\"elementType\":\"labels.text.fill\",\"stylers\":[{\"visibility\":\"on\"},{\"lightness\":24}]},{\"featureType\":\"road\",\"elementType\":\"geometry\",\"stylers\":[{\"lightness\":57}]}]' data-scroll='false'><\/div>[\/vc_column][\/vc_row][vc_row][vc_column][\/vc_column][\/vc_row]<\/p>\n","protected":false},"excerpt":{"rendered":"<p>[vc_row css=&#8220;.vc_custom_1410358708453{margin-bottom: 10px !important;}&#8220;][vc_column][vc_single_image image=&#8220;1223&#8243; img_size=&#8220;large&#8220; alignment=&#8220;center&#8220; style=&#8220;vc_box_rounded&#8220; css_animation=&#8220;fadeIn&#8220;][vc_column_text]<\/p>\n<p> MANAGEMENT <\/p>\n<p>[\/vc_column_text][\/vc_column][\/vc_row][vc_row css=&#8220;.vc_custom_1410359107639{margin-bottom: 70px !important;}&#8220;][vc_column width=&#8220;1\/4&#8243;][\/vc_column][vc_column width=&#8220;1\/4&#8243;][\/vc_column][vc_column width=&#8220;1\/4&#8243;][\/vc_column][vc_column width=&#8220;1\/4&#8243;][\/vc_column][\/vc_row][vc_row css=&#8220;.vc_custom_1410358730115{margin-bottom: 10px !important;}&#8220;][vc_column][vc_column_text]<\/p>\n<p> WERKSTATT <\/p>\n<p>[\/vc_column_text][\/vc_column][\/vc_row][vc_row css=&#8220;.vc_custom_1410359126831{margin-bottom: 70px !important;}&#8220;][vc_column width=&#8220;1\/4&#8243;][\/vc_column][vc_column width=&#8220;1\/4&#8243;][\/vc_column][vc_column width=&#8220;1\/4&#8243;][\/vc_column][\/vc_row][vc_row][vc_column][vc_column_text]<\/p>\n<p> B\u00dcRO <\/p>\n<p>[\/vc_column_text][\/vc_column][\/vc_row][vc_row][vc_column width=&#8220;1\/3&#8243;][vc_column][\/vc_column][\/vc_column][vc_column width=&#8220;1\/3&#8243;][\/vc_column][\/vc_row][vc_row][vc_column][\/vc_column][\/vc_row][vc_row][vc_column][\/vc_column][\/vc_row][vc_row][vc_column][\/vc_column][\/vc_row][vc_row][vc_column][\/vc_column][\/vc_row][vc_row][vc_column][\/vc_column][\/vc_row][vc_column][\/vc_column][vc_row el_class=&#8220;fullwidth_element bottom_element&#8220;][vc_column][\/vc_column][\/vc_row][vc_row][vc_column][\/vc_column][\/vc_row]<\/p>\n","protected":false},"author":4,"featured_media":0,"parent":0,"menu_order":0,"comment_status":"closed","ping_status":"closed","template":"","meta":{"footnotes":""},"_links":{"self":[{"href":"https:\/\/www.hipfl-walli.at\/hipfl-walli\/index.php?rest_route=\/wp\/v2\/pages\/107"}],"collection":[{"href":"https:\/\/www.hipfl-walli.at\/hipfl-walli\/index.php?rest_route=\/wp\/v2\/pages"}],"about":[{"href":"https:\/\/www.hipfl-walli.at\/hipfl-walli\/index.php?rest_route=\/wp\/v2\/types\/page"}],"author":[{"embeddable":true,"href":"https:\/\/www.hipfl-walli.at\/hipfl-walli\/index.php?rest_route=\/wp\/v2\/users\/4"}],"replies":[{"embeddable":true,"href":"https:\/\/www.hipfl-walli.at\/hipfl-walli\/index.php?rest_route=%2Fwp%2Fv2%2Fcomments&post=107"}],"version-history":[{"count":44,"href":"https:\/\/www.hipfl-walli.at\/hipfl-walli\/index.php?rest_route=\/wp\/v2\/pages\/107\/revisions"}],"predecessor-version":[{"id":1236,"href":"https:\/\/www.hipfl-walli.at\/hipfl-walli\/index.php?rest_route=\/wp\/v2\/pages\/107\/revisions\/1236"}],"wp:attachment":[{"href":"https:\/\/www.hipfl-walli.at\/hipfl-walli\/index.php?rest_route=%2Fwp%2Fv2%2Fmedia&parent=107"}],"curies":[{"name":"wp","href":"https:\/\/api.w.org\/{rel}","templated":true}]}}