{"id":707,"date":"2014-09-10T19:45:59","date_gmt":"2014-09-10T19:45:59","guid":{"rendered":"http:\/\/demo.themesuite.com\/automotive-wp\/?page_id=2"},"modified":"2026-02-18T11:00:17","modified_gmt":"2026-02-18T10:00:17","slug":"sample-page-2","status":"publish","type":"page","link":"https:\/\/www.hipfl-walli.at\/hipfl-walli\/","title":{"rendered":"Home"},"content":{"rendered":"<p>[vc_row el_class=&#8220;padding-bottom-40 margin-bottom-none&#8220;][vc_column width=&#8220;1\/4&#8243;]\t\t<div class=\"flip \"\r\n\t\t     data-image=\"\">\r\n\t\t\t<a href=\"http:\/\/www.hipfl-walli.at\/?page_id=1047\">\t\t\t<div class=\"card\">\r\n\t\t\t\t<div class=\"face front\">\r\n\t\t\t\t\t<img decoding=\"async\" class=\"img-responsive no_border\" src=\"https:\/\/www.hipfl-walli.at\/hipfl-walli\/wp-content\/uploads\/2014\/09\/Logo_Walli-Hipfl_gmbh_200px.png\" alt=\"\">\r\n\t\t\t\t<\/div>\r\n\t\t\t\t<div class=\"face back\">\r\n\t\t\t\t\t<div class='hover_title'>Marktplatz<\/div>\r\n\r\n\t\t\t\t\t<a href=\"http:\/\/www.hipfl-walli.at\/?page_id=1047\" class=\"\"><i class=\"fa fa-link button_icon\"><\/i><\/a>\t\t\t\t\t\t\t\t\t<\/div>\r\n\t\t\t<\/div>\r\n\t\t\t<\/a>\t\t<\/div>\r\n\t\t[vc_column_text css_animation=&#8220;left-to-right&#8220; css=&#8220;.vc_custom_1740591956021{margin-top: 20px !important;}&#8220;]<\/p>\n<h3 class=\"margin-bottom-10\">WILLKOMMEN<\/h3>\n<p class=\"margin-bottom-none\">Wir hei\u00dfen dich herzlich willkommen bei der Hipfl &amp; Walli GmbH &amp; CoKG. Informiere Dich \u00fcber unsere Leistungen und st\u00f6ber in unserem Angebot an Gebrauchtwagen. Vergleiche deine Lieblingswagen miteinander und kontaktiere uns f\u00fcr eine Probefahrt.<\/p>\n<p>[\/vc_column_text][\/vc_column][vc_column width=&#8220;1\/4&#8243;]\t\t<div class=\"flip \"\r\n\t\t     data-image=\"\">\r\n\t\t\t<a href=\"http:\/\/www.hipfl-walli.at\/?page_id=156\">\t\t\t<div class=\"card\">\r\n\t\t\t\t<div class=\"face front\">\r\n\t\t\t\t\t<img decoding=\"async\" class=\"img-responsive no_border\" src=\"https:\/\/www.hipfl-walli.at\/hipfl-walli\/wp-content\/uploads\/2014\/09\/pruefstelle_200px.png\" alt=\"\">\r\n\t\t\t\t<\/div>\r\n\t\t\t\t<div class=\"face back\">\r\n\t\t\t\t\t<div class='hover_title'>Termin<\/div>\r\n\r\n\t\t\t\t\t<a href=\"http:\/\/www.hipfl-walli.at\/?page_id=156\" class=\"\"><i class=\"fa fa-link button_icon\"><\/i><\/a>\t\t\t\t\t\t\t\t\t<\/div>\r\n\t\t\t<\/div>\r\n\t\t\t<\/a>\t\t<\/div>\r\n\t\t[vc_column_text css=&#8220;.vc_custom_1740591985237{margin-top: 20px !important;}&#8220;]<\/p>\n<h3 class=\"margin-bottom-10\">\u00a757a f\u00fcr ALLE Fahrzeuge<\/h3>\n<p class=\"margin-bottom-none\">Wir machen dein Pickerl!<\/p>\n<p class=\"margin-bottom-none\">Moped, Motorrad, PKW, LKW, Bus, Anh\u00e4nger, Traktor, etc.<br \/>\nWir d\u00fcrfen alle \u00a757a pflichtigen Fahrzeuge in \u00d6sterreich \u00fcberpr\u00fcfen. Mit unserem neuen Pr\u00fcfstand und unseren bestens geschulten Fachkr\u00e4ften wird dein Fahrzeug schnell und zuverl\u00e4ssig durchleuchtet damit du immer sicher unterwegs bist.<\/p>\n<p>[\/vc_column_text]\t\t<div class=\"flip \"\r\n\t\t     data-image=\"\">\r\n\t\t\t<a href=\"http:\/\/www.hipfl-walli.at\/?page_id=156\">\t\t\t<div class=\"card\">\r\n\t\t\t\t<div class=\"face front\">\r\n\t\t\t\t\t<img decoding=\"async\" class=\"img-responsive no_border\" src=\"https:\/\/www.hipfl-walli.at\/hipfl-walli\/wp-content\/uploads\/2016\/01\/fahrtenschreiber01.jpg\" alt=\"\">\r\n\t\t\t\t<\/div>\r\n\t\t\t\t<div class=\"face back\">\r\n\t\t\t\t\t<div class='hover_title'>Termin<\/div>\r\n\r\n\t\t\t\t\t<a href=\"http:\/\/www.hipfl-walli.at\/?page_id=156\" class=\"\"><i class=\"fa fa-link button_icon\"><\/i><\/a>\t\t\t\t\t\t\t\t\t<\/div>\r\n\t\t\t<\/div>\r\n\t\t\t<\/a>\t\t<\/div>\r\n\t\t[vc_column_text css=&#8220;.vc_custom_1740592019757{margin-top: 20px !important;}&#8220;]<\/p>\n<h3 class=\"margin-bottom-10\">\u00a724a \u00dcberpr\u00fcfung<\/h3>\n<p class=\"margin-bottom-none\">Wir \u00fcberpr\u00fcfen und f\u00fchren die gesetzlich vorgeschriebene Eichung des digitalen oder analogen Kontrollger\u00e4tes durch. Gerne tauschen wir das Ger\u00e4t gegen ein neueres Modell und f\u00fchren notwendige Reperaturen fachgerecht aus. Falls notwendig wird auch der gesetzlich vorgeschriebene Geschwindigkeitsbegrenzer \u00fcberpr\u00fcft.<\/p>\n<p>[\/vc_column_text][\/vc_column][vc_column width=&#8220;1\/4&#8243;]\t\t<div class=\"flip \"\r\n\t\t     data-image=\"\">\r\n\t\t\t<a href=\"https:\/\/www.car-mobility.at\/\">\t\t\t<div class=\"card\">\r\n\t\t\t\t<div class=\"face front\">\r\n\t\t\t\t\t<img decoding=\"async\" class=\"img-responsive no_border\" src=\"https:\/\/www.hipfl-walli.at\/hipfl-walli\/wp-content\/uploads\/2025\/02\/rollstuhl-200x200-1.jpg\" alt=\"\">\r\n\t\t\t\t<\/div>\r\n\t\t\t\t<div class=\"face back\">\r\n\t\t\t\t\t<div class='hover_title'>n\u00e4here Infos<\/div>\r\n\r\n\t\t\t\t\t<a href=\"https:\/\/www.car-mobility.at\/\" class=\"\"><i class=\"fa fa-link button_icon\"><\/i><\/a>\t\t\t\t\t\t\t\t\t<\/div>\r\n\t\t\t<\/div>\r\n\t\t\t<\/a>\t\t<\/div>\r\n\t\t[vc_column_text css=&#8220;.vc_custom_1740578192110{margin-top: 20px !important;}&#8220;]<\/p>\n<h3 class=\"margin-bottom-10\">Rollstuhlgerechte Umbauten<\/h3>\n<p class=\"margin-bottom-none\">Mobilit\u00e4t f\u00fcr Alle!<\/p>\n<p>Gemeinsam mit unserem Partnerunternehmen, der S&amp;H Carmobility GmbH, k\u00fcmmern wir uns um passgenaue L\u00f6sungen f\u00fcr Personen die auf Grund einer k\u00f6rperlichen Einschr\u00e4nkung eine ma\u00dfgeschneiderte L\u00f6sung f\u00fcr Ihr Fahrzeug ben\u00f6tigen.[\/vc_column_text][\/vc_column][vc_column width=&#8220;1\/4&#8243;]\t\t<div class=\"flip \"\r\n\t\t     data-image=\"\">\r\n\t\t\t<a href=\"http:\/\/www.hipfl-walli.at\/?page_id=156\">\t\t\t<div class=\"card\">\r\n\t\t\t\t<div class=\"face front\">\r\n\t\t\t\t\t<img decoding=\"async\" class=\"img-responsive no_border\" src=\"https:\/\/www.hipfl-walli.at\/hipfl-walli\/wp-content\/uploads\/2026\/02\/winterreifen.jpg\" alt=\"\">\r\n\t\t\t\t<\/div>\r\n\t\t\t\t<div class=\"face back\">\r\n\t\t\t\t\t<div class='hover_title'>Termin<\/div>\r\n\r\n\t\t\t\t\t<a href=\"http:\/\/www.hipfl-walli.at\/?page_id=156\" class=\"\"><i class=\"fa fa-link button_icon\"><\/i><\/a>\t\t\t\t\t\t\t\t\t<\/div>\r\n\t\t\t<\/div>\r\n\t\t\t<\/a>\t\t<\/div>\r\n\t\t[vc_column_text css=&#8220;.vc_custom_1453044222384{margin-top: 20px !important;}&#8220;]<\/p>\n<h3 class=\"margin-bottom-10\">R\u00c4DERWECHSEL<\/h3>\n<p class=\"margin-bottom-none\">Die Winterreifenpflicht gilt in \u00d6sterreich f\u00fcr PKW\/LKW von 1. November bis 15. April und Autobusse von 1. November bis 15. M\u00e4rz. Dank unseren modernen Maschinen ist das wechseln Ihrer R\u00e4der f\u00fcr uns ein Kinderspiel. Diese werden von uns nicht nur gewechselt sondern auch gewuchtet, auf Sch\u00e4den kontrolliert und auf Wunsch bei uns gereinigt und eingelagert.<\/p>\n<p>[\/vc_column_text][\/vc_column][\/vc_row][vc_row el_class=&#8220;fullwidth_element margin-top-30 padding-bottom-40 margin-bottom-none&#8220; height=&#8220;385&#8243;][vc_column]\t\t<div class=\"row parallax_parent \">\r\n\t\t\t<div class=\"parallax_scroll clearfix\" data-velocity=\"-.3\"\r\n\t\t\t     data-offset=\"0\" data-image=\"\">\r\n\t\t\t\t<div class=\"overlay\"\r\n\t\t\t\t     style=\"background-color: rgba(240,240,240,0.95); color: #2d2d2d;\">\r\n\t\t\t\t\t<div class=\"padding-vertical-10\">\r\n\r\n\t\t\t\t\t\t\r\n\t\t\t\t\t\t<div class=\"row container margin-top-60\">\r\n\r\n\t\t\t\t\t\t\t[vc_row_inner el_class=&#8220;margin-bottom-60&#8243;][vc_column_inner width=&#8220;1\/4&#8243;]<span class='align-center featured_icon_box '><i class='fa fa-bar-chart-o fa-6x'><\/i><\/span><h4>Profis am Werk<\/h4><p>Unser top ausgebildetes Werkstattpersonal verf\u00fcgt \u00fcber langj\u00e4hrige Erfahrung im PKW und LKW-Bereich.<\/p>[\/vc_column_inner][vc_column_inner width=&#8220;1\/4&#8243;]<span class='align-center featured_icon_box '><i class='fa fa-road fa-6x'><\/i><\/span><h4>Pannendienst<\/h4><p>Rund um die Uhr sind wir \u00fcber Service 24 erreichbar und r\u00fccken zu jeder Tages- und Nachtzeit auf die Autobahn aus um Ihre Panne zu beheben.<\/p>[\/vc_column_inner][vc_column_inner width=&#8220;1\/4&#8243;]<span class='align-center featured_icon_box '><i class='fa fa-flag-checkered fa-6x'><\/i><\/span><h4>Renndienst<\/h4><p>Konzentriere Dich sich aufs Fahren, wir k\u00fcmmern uns um den Rennwagen.<\/p>[\/vc_column_inner][vc_column_inner width=&#8220;1\/4&#8243;]<span class='align-center featured_icon_box '><i class='fa fa-dashboard fa-6x'><\/i><\/span><h4>Top ausgestattet<\/h4><p>Neueste Werkstatt- und Pr\u00fcftechnik garantieren die zeitgerechte, genaue und sichere Abwicklung Deiner Reparatur- oder Pr\u00fcfangelegenheit.<\/p>[\/vc_column_inner][\/vc_row_inner]\r\n\t\t\t\t\t\t<\/div>\r\n\t\t\t\t\t<\/div>\r\n\t\t\t\t<\/div>\r\n\t\t\t<\/div>\r\n\t\t<\/div>\r\n\t\t[\/vc_column][\/vc_row][vc_row el_class=&#8220;margin-top-30 padding-bottom-40 margin-bottom-none&#8220;][vc_column width=&#8220;1\/2&#8243;][vc_column_text]<\/p>\n<h4 class=\"margin-top-none\"><span style='font-weight: 800;'>WILLKOMMEN<\/span> AUF UNSERER NEUEN WEBSEITE<\/h4>\n<p>[\/vc_column_text][vc_column_text css_animation=&#8220;appear&#8220; el_class=&#8220;padding-bottom-40&#8243;]Das Jahr 2016 hat begonnen und wie in jedem Jahr stehen Ver\u00e4nderungen, neue Herausforderungen und neue Aufgaben an.<br \/>\nWir freuen uns, dir unsere neue Webseite zu pr\u00e4sentieren. Hier findest du neben einem \u00dcberblick \u00fcber unsere Dienstleistungen auch aktuelle Neuigkeiten. Wir informieren dich hier \u00fcber aktuelle Ereignisse und Angebote. Entdecke auch unseren <span class=\"alternate-font\"><a href=\"https:\/\/www.hipfl-walli.at\/hipfl-walli\/hipfl-walli\/?page_id=1047\">Online Gebrauchtwagen-Marktplatz<\/a><\/span>[\/vc_column_text][\/vc_column][vc_column width=&#8220;1\/2&#8243;][vc_column_text css_animation=&#8220;top-to-bottom&#8220;]<\/p>\n<h4 class=\"margin-top-none\"><span style='font-weight: 800;'>SUCHEN<\/span> DEINEN NEUEN GEBRAUCHTEN<\/h4>\n<p>[\/vc_column_text][vc_single_image image=&#8220;1064&#8243; img_size=&#8220;medium&#8220; add_caption=&#8220;yes&#8220; onclick=&#8220;custom_link&#8220; link=&#8220;https:\/\/www.hipfl-walli.at\/hipfl-walli\/hipfl-walli\/?page_id=1047&#8243;][\/vc_column][\/vc_row][vc_row el_class=&#8220;fullwidth_element margin-top-30 padding-bottom-40 margin-bottom-none&#8220; height=&#8220;390&#8243;][vc_column]<div class='contact google_map_init ' data-longitude='15.406526606529951' data-latitude='48.10534215958895' data-zoom='12' style='height: 390px;' data-style='[{\"featureType\":\"landscape\",\"elementType\":\"labels\",\"stylers\":[{\"visibility\":\"off\"}]},{\"featureType\":\"transit\",\"elementType\":\"labels\",\"stylers\":[{\"visibility\":\"off\"}]},{\"featureType\":\"poi\",\"elementType\":\"labels\",\"stylers\":[{\"visibility\":\"off\"}]},{\"featureType\":\"water\",\"elementType\":\"labels\",\"stylers\":[{\"visibility\":\"off\"}]},{\"featureType\":\"road\",\"elementType\":\"labels.icon\",\"stylers\":[{\"visibility\":\"off\"}]},{\"stylers\":[{\"hue\":\"#F0F0F0\"},{\"saturation\":-100},{\"gamma\":2.15},{\"lightness\":12}]},{\"featureType\":\"road\",\"elementType\":\"labels.text.fill\",\"stylers\":[{\"visibility\":\"on\"},{\"lightness\":24}]},{\"featureType\":\"road\",\"elementType\":\"geometry\",\"stylers\":[{\"lightness\":57}]}]' data-scroll='false'><\/div>[\/vc_column][\/vc_row][vc_row el_class=&#8220;margin-top-30 padding-bottom-40 margin-bottom-none&#8220;][vc_column width=&#8220;1\/2&#8243; offset=&#8220;vc_col-lg-2 vc_col-md-2 vc_col-xs-12&#8243; el_class=&#8220;sm-margin-bottom-25 xs-margin-bottom-40&#8243;]\r\n\t\t<div class=\"small-block clearfix \">\r\n\t\t\t<h4 class=\"margin-bottom-25 margin-top-none\">Service.<\/h4>\r\n\t\t\t<a href=\"http:\/\/www.hipfl-walli.at\/?page_id=86\">\r\n\t\t\t\t<span class=\"align-center\"><i class=\"fa fa-tag fa-7x\"><\/i><\/span>\r\n\t\t\t<\/a>\r\n\t\t<\/div>\r\n\t\t[\/vc_column][vc_column width=&#8220;1\/2&#8243; offset=&#8220;vc_col-lg-2 vc_col-md-2 vc_col-xs-12&#8243; el_class=&#8220;sm-margin-bottom-25 xs-margin-bottom-40&#8243;]\r\n\t\t<div class=\"small-block clearfix \">\r\n\t\t\t<h4 class=\"margin-bottom-25 margin-top-none\">Gebrauchtwagen Suche.<\/h4>\r\n\t\t\t<a href=\"http:\/\/www.hipfl-walli.at\/?page_id=1047\">\r\n\t\t\t\t<span class=\"align-center\"><i class=\"fa fa-cogs fa-7x\"><\/i><\/span>\r\n\t\t\t<\/a>\r\n\t\t<\/div>\r\n\t\t[\/vc_column][vc_column offset=&#8220;vc_col-lg-4 vc_col-md-4 vc_col-xs-12&#8243; el_class=&#8220;text-center sm-margin-bottom-25 xs-margin-bottom-40&#8243;][vc_column_text css_animation=&#8220;appear&#8220;]<\/p>\n<div class=\"small-block\">\n<h4 class=\"margin-bottom-25 margin-top-none\">Unsere \u00d6ffungszeiten<\/h4>\n<\/div>\n<p>[\/vc_column_text]<table class=\"table table-bordered no-border font-12px hours_table \">\r\n\t\t<thead>\r\n\t\t\t<tr>\r\n\t\t\t\t<td colspan=\"2\"><strong>B\u00fcro<\/strong><\/td>\r\n\t\t\t<\/tr>\r\n\t\t<\/thead>\r\n\t\t<tbody>\r\n\t\t\t<tr>\r\n\t\t\t\t<td>Mon:<\/td>\r\n\t\t\t\t<td>7:30 - 12:00, 13:00 - 17:00 Uhr<\/td>\r\n\t\t\t<\/tr>\r\n\t\t\t<tr>\r\n\t\t\t\t<td>Tue:<\/td>\r\n\t\t\t\t<td>7:30 - 12:00, 13:00 - 17:00 Uhr<\/td>\r\n\t\t\t<\/tr>\r\n\t\t\t<tr>\r\n\t\t\t\t<td>Wed:<\/td>\r\n\t\t\t\t<td>7:30 - 12:00, 13:00 - 17:00 Uhr<\/td>\r\n\t\t\t<\/tr>\r\n\t\t\t<tr>\r\n\t\t\t\t<td>Thu:<\/td>\r\n\t\t\t\t<td>7:30 - 12:00, 13:00 - 17:00 Uhr<\/td>\r\n\t\t\t<\/tr>\r\n\t\t\t<tr>\r\n\t\t\t\t<td>Fri:<\/td>\r\n\t\t\t\t<td>7:30 - 12:00<\/td>\r\n\t\t\t<\/tr>\r\n\t\t\t<tr>\r\n\t\t\t\t<td>Sat:<\/td>\r\n\t\t\t\t<td>Nach Vereinbarung<\/td>\r\n\t\t\t<\/tr>\r\n\t\t\t<tr>\r\n\t\t\t\t<td>Sun:<\/td>\r\n\t\t\t\t<td>Nach Vereinbarung<\/td>\r\n\t\t\t<\/tr>\r\n\t\t<\/tbody>\r\n\t\t<\/table><table class=\"table table-bordered no-border font-12px hours_table \">\r\n\t\t<thead>\r\n\t\t\t<tr>\r\n\t\t\t\t<td colspan=\"2\"><strong>Werkstatt<\/strong><\/td>\r\n\t\t\t<\/tr>\r\n\t\t<\/thead>\r\n\t\t<tbody>\r\n\t\t\t<tr>\r\n\t\t\t\t<td>Mon:<\/td>\r\n\t\t\t\t<td>7:30 - 12:00, 13:00 - 17:00 Uhr<\/td>\r\n\t\t\t<\/tr>\r\n\t\t\t<tr>\r\n\t\t\t\t<td>Tue:<\/td>\r\n\t\t\t\t<td>7:30 - 12:00, 13:00 - 17:00 Uhr<\/td>\r\n\t\t\t<\/tr>\r\n\t\t\t<tr>\r\n\t\t\t\t<td>Wed:<\/td>\r\n\t\t\t\t<td>7:30 - 12:00, 13:00 - 17:00 Uhr<\/td>\r\n\t\t\t<\/tr>\r\n\t\t\t<tr>\r\n\t\t\t\t<td>Thu:<\/td>\r\n\t\t\t\t<td>7:30 - 12:00, 13:00 - 17:00 Uhr<\/td>\r\n\t\t\t<\/tr>\r\n\t\t\t<tr>\r\n\t\t\t\t<td>Fri:<\/td>\r\n\t\t\t\t<td>7:30 - 12:00<\/td>\r\n\t\t\t<\/tr>\r\n\t\t\t<tr>\r\n\t\t\t\t<td>Sat:<\/td>\r\n\t\t\t\t<td>Nach Vereinbarung<\/td>\r\n\t\t\t<\/tr>\r\n\t\t\t<tr>\r\n\t\t\t\t<td>Sun:<\/td>\r\n\t\t\t\t<td>Nach Vereinbarung<\/td>\r\n\t\t\t<\/tr>\r\n\t\t<\/tbody>\r\n\t\t<\/table>[\/vc_column][vc_column width=&#8220;1\/2&#8243; offset=&#8220;vc_col-lg-2 vc_col-md-2 vc_col-xs-12&#8243; el_class=&#8220;sm-margin-bottom-25 xs-margin-bottom-40&#8243;]\r\n\t\t<div class=\"small-block clearfix \">\r\n\t\t\t<h4 class=\"margin-bottom-25 margin-top-none\">\u00dcber uns.<\/h4>\r\n\t\t\t<a href=\"http:\/\/www.hipfl-walli.at\/?page_id=36\">\r\n\t\t\t\t<span class=\"align-center\"><i class=\"fa fa-users fa-7x\"><\/i><\/span>\r\n\t\t\t<\/a>\r\n\t\t<\/div>\r\n\t\t[\/vc_column][vc_column width=&#8220;1\/2&#8243; offset=&#8220;vc_col-lg-2 vc_col-md-2 vc_col-xs-12&#8243; el_class=&#8220;sm-margin-bottom-25 xs-margin-bottom-40&#8243;]\r\n\t\t<div class=\"small-block clearfix \">\r\n\t\t\t<h4 class=\"margin-bottom-25 margin-top-none\">So finden Sie uns.<\/h4>\r\n\t\t\t<a href=\"http:\/\/www.hipfl-walli.at\/?page_id=156\">\r\n\t\t\t\t<span class=\"align-center\"><i class=\"fa fa-map-marker fa-7x\"><\/i><\/span>\r\n\t\t\t<\/a>\r\n\t\t<\/div>\r\n\t\t[\/vc_column][\/vc_row][vc_row el_class=&#8220;fullwidth_element bottom_element margin-top-30&#8243; height=&#8220;203&#8243;][vc_column]\t\t<div class=\"row parallax_parent \">\r\n\t\t\t<div class=\"parallax_scroll clearfix\" data-velocity=\"-.3\"\r\n\t\t\t     data-offset=\"-300\" data-image=\"\">\r\n\t\t\t\t<div class=\"overlay\"\r\n\t\t\t\t     style=\"background-color: rgba(0,0,0,0.65); color: #ffffff;\">\r\n\t\t\t\t\t<div class=\"padding-vertical-10\">\r\n\r\n\t\t\t\t\t\t\r\n\t\t\t\t\t\t<div class=\"row container margin-top-60\">\r\n\r\n\t\t\t\t\t\t\t[vc_row_inner][vc_column_inner el_class=&#8220;xs-margin-bottom-60&#8243; width=&#8220;1\/3&#8243;]\t\t<i class=\"fa fa-building-o\"><\/i>\r\n\t\t<span\r\n\t\t\tclass=\"animate_number margin-vertical-15\" style='text-align: center'>\r\n\t            \t            <span class=\"number\">43<\/span>\t            \t        <\/span>\r\n\r\n\t\t[vc_column_text]<\/p>\n<p style=\"text-align: center;\"><span style=\"color: #ffffff;\">Jahre ge\u00f6ffnet<br \/>\n<\/span><\/p>\n<p>[\/vc_column_text][\/vc_column_inner][vc_column_inner el_class=&#8220;xs-margin-vertical-60&#8243; width=&#8220;1\/3&#8243;]\t\t<i class=\"fa fa-car\"><\/i>\r\n\t\t<span\r\n\t\t\tclass=\"animate_number margin-vertical-15\" style='text-align: center'>\r\n\t            \t            <span class=\"number\">13728<\/span>\t            \t        <\/span>\r\n\r\n\t\t[vc_column_text]<span style=\"color: #ffffff;\">Panneneins\u00e4tze<\/span>[\/vc_column_text][\/vc_column_inner][vc_column_inner el_class=&#8220;xs-margin-vertical-60&#8243; width=&#8220;1\/3&#8243;]\t\t<i class=\"fa fa fa-users\"><\/i>\r\n\t\t<span\r\n\t\t\tclass=\"animate_number margin-vertical-15\" style='text-align: center'>\r\n\t            \t            <span class=\"number\">2781<\/span>\t            \t        <\/span>\r\n\r\n\t\t[vc_column_text]<\/p>\n<p style=\"text-align: center;\"><span style=\"color: #ffffff;\">Zufriedene Kunden<\/span><\/p>\n<p>[\/vc_column_text][\/vc_column_inner][\/vc_row_inner]\r\n\t\t\t\t\t\t<\/div>\r\n\t\t\t\t\t<\/div>\r\n\t\t\t\t<\/div>\r\n\t\t\t<\/div>\r\n\t\t<\/div>\r\n\t\t[\/vc_column][\/vc_row][vc_row][vc_column][vc_icon][\/vc_column][\/vc_row][vc_row][vc_column][\/vc_column][\/vc_row][vc_row][vc_column][\/vc_column][\/vc_row][vc_row][vc_column][\/vc_column][\/vc_row]<\/p>\n","protected":false},"excerpt":{"rendered":"<p>[vc_row el_class=&#8220;padding-bottom-40 margin-bottom-none&#8220;][vc_column width=&#8220;1\/4&#8243;][vc_column_text css_animation=&#8220;left-to-right&#8220; css=&#8220;.vc_custom_1740591956021{margin-top: 20px !important;}&#8220;]<\/p>\n<p> WILLKOMMEN <\/p>\n<p class=\"margin-bottom-none\">Wir hei\u00dfen dich herzlich willkommen bei der Hipfl &amp; Walli GmbH &amp; CoKG. Informiere Dich \u00fcber unsere Leistungen und st\u00f6ber in unserem Angebot an Gebrauchtwagen. Vergleiche deine Lieblingswagen miteinander und kontaktiere uns f\u00fcr eine Probefahrt.<\/p>\n<p>[\/vc_column_text][\/vc_column][vc_column width=&#8220;1\/4&#8243;][vc_column_text css=&#8220;.vc_custom_1740591985237{margin-top: 20px !important;}&#8220;]<\/p>\n<p> \u00a757a f\u00fcr ALLE Fahrzeuge <\/p>\n<p class=\"margin-bottom-none\">Wir machen dein Pickerl!<\/p>\n<p class=\"margin-bottom-none\">Moped, Motorrad, PKW, LKW, Bus, Anh\u00e4nger, Traktor, etc.<br \/> Wir d\u00fcrfen alle \u00a757a pflichtigen Fahrzeuge in \u00d6sterreich \u00fcberpr\u00fcfen. Mit unserem neuen Pr\u00fcfstand und unseren bestens geschulten Fachkr\u00e4ften wird dein Fahrzeug schnell und zuverl\u00e4ssig durchleuchtet damit du immer sicher unterwegs bist.<\/p>\n<p>[\/vc_column_text][vc_column_text css=&#8220;.vc_custom_1740592019757{margin-top: 20px !important;}&#8220;]<\/p>\n<p> \u00a724a \u00dcberpr\u00fcfung <\/p>\n<p class=\"margin-bottom-none\">Wir \u00fcberpr\u00fcfen und f\u00fchren die gesetzlich vorgeschriebene Eichung des digitalen oder analogen Kontrollger\u00e4tes durch. Gerne tauschen wir das Ger\u00e4t gegen ein neueres Modell und f\u00fchren notwendige Reperaturen fachgerecht aus. Falls notwendig wird auch der gesetzlich vorgeschriebene Geschwindigkeitsbegrenzer \u00fcberpr\u00fcft.<\/p>\n<p>[\/vc_column_text][\/vc_column][vc_column width=&#8220;1\/4&#8243;][vc_column_text css=&#8220;.vc_custom_1740578192110{margin-top: 20px !important;}&#8220;]<\/p>\n<p> Rollstuhlgerechte Umbauten <\/p>\n<p class=\"margin-bottom-none\">Mobilit\u00e4t f\u00fcr [&#8230;]<\/p>\n","protected":false},"author":4,"featured_media":0,"parent":0,"menu_order":0,"comment_status":"closed","ping_status":"closed","template":"","meta":{"footnotes":""},"_links":{"self":[{"href":"https:\/\/www.hipfl-walli.at\/hipfl-walli\/index.php?rest_route=\/wp\/v2\/pages\/707"}],"collection":[{"href":"https:\/\/www.hipfl-walli.at\/hipfl-walli\/index.php?rest_route=\/wp\/v2\/pages"}],"about":[{"href":"https:\/\/www.hipfl-walli.at\/hipfl-walli\/index.php?rest_route=\/wp\/v2\/types\/page"}],"author":[{"embeddable":true,"href":"https:\/\/www.hipfl-walli.at\/hipfl-walli\/index.php?rest_route=\/wp\/v2\/users\/4"}],"replies":[{"embeddable":true,"href":"https:\/\/www.hipfl-walli.at\/hipfl-walli\/index.php?rest_route=%2Fwp%2Fv2%2Fcomments&post=707"}],"version-history":[{"count":71,"href":"https:\/\/www.hipfl-walli.at\/hipfl-walli\/index.php?rest_route=\/wp\/v2\/pages\/707\/revisions"}],"predecessor-version":[{"id":1238,"href":"https:\/\/www.hipfl-walli.at\/hipfl-walli\/index.php?rest_route=\/wp\/v2\/pages\/707\/revisions\/1238"}],"wp:attachment":[{"href":"https:\/\/www.hipfl-walli.at\/hipfl-walli\/index.php?rest_route=%2Fwp%2Fv2%2Fmedia&parent=707"}],"curies":[{"name":"wp","href":"https:\/\/api.w.org\/{rel}","templated":true}]}}