{"id":86,"date":"2014-09-11T09:05:49","date_gmt":"2014-09-11T13:05:49","guid":{"rendered":"http:\/\/demo.themesuite.com\/automotive-wp\/?page_id=86"},"modified":"2026-02-18T11:02:08","modified_gmt":"2026-02-18T10:02:08","slug":"services","status":"publish","type":"page","link":"https:\/\/www.hipfl-walli.at\/hipfl-walli\/?page_id=86","title":{"rendered":"Service"},"content":{"rendered":"<p>[vc_row css=&#8220;.vc_custom_1410986338320{margin-bottom: 0px !important;}&#8220; el_class=&#8220;margin-bottom-none padding-bottom-40&#8243;][vc_column width=&#8220;2\/3&#8243;][vc_column_text css=&#8220;.vc_custom_1449331252682{margin-bottom: 20px !important;}&#8220;]<\/p>\n<h3>WAS K\u00d6NNEN WIR F\u00dcR SIE TUN?<\/h3>\n<p>[\/vc_column_text][vc_column_text el_class=&#8220;padding-left-none xs-padding-bottom-40&#8243;]<span class='firstcharacter'>W<\/span>ir sind Ihr kompetenter Ansprechpartner f\u00fcr Ihr Kraftfahrzeug. Egal ob restauration Ihres Oldtimers, aufbau Ihres Rennboliden, Spezial auf- bzw umbau von Sonderfahrzeugen, betreuung Ihres Rennfahrzeuges an der Rennstrecke, Reparatur Ihres LKW vor Ort, oder einfach nur die gesetzlich Vorgeschriebenen \u00dcberpr\u00fcfungen, wir helfen Ihnen weiter![\/vc_column_text][\/vc_column][vc_column width=&#8220;1\/3&#8243;][vc_column_text css=&#8220;.vc_custom_1449331236155{margin-bottom: 20px !important;}&#8220;]<\/p>\n<h3>UNSERE LEISTUNGEN<\/h3>\n<p>[\/vc_column_text]<ul class='shortcode type-checkboxes '><li><span><i class='fa fa-check'><\/i><\/span>\u00a757a Pickerl \u00dcberpr\u00fcfung f\u00fcr ALLE Fahrzeuge<\/li><li><span><i class='fa fa-check'><\/i><\/span>24h Pannendienst f\u00fcr PKW und LKW<\/li><li><span><i class='fa fa-check'><\/i><\/span>R\u00e4derwechsel inkl. Einlagerungsservice<\/li><li><span><i class='fa fa-check'><\/i><\/span>Service und Reparatur aller Marken<\/li><li><span><i class='fa fa-check'><\/i><\/span>\u00a724 Fahrtenschreiber \u00dcberpr\u00fcfung<\/li><\/ul>[\/vc_column][\/vc_row][vc_row el_class=&#8220;margin-bottom-none padding-bottom-20 margin-top-30&#8243;][vc_column][vc_column_text]<\/p>\n<h2 class=\"margin-top-none normal_to_thick\" style=\"letter-spacing: -1.5px;\">Darauf sind wir\u00a0<span style='font-weight: 800;'>spezialisiert<\/span><\/h2>\n<p>[\/vc_column_text][\/vc_column][\/vc_row][vc_row el_class=&#8220;margin-bottom-none padding-bottom-40&#8243;][vc_column width=&#8220;1\/4&#8243;]<div class='featured margin-top-25 '><h5>24h Pannenhilfe<\/h5><img src='https:\/\/www.hipfl-walli.at\/hipfl-walli\/wp-content\/uploads\/2014\/09\/platzhalter_frau-150x150.jpg' data-hoverimg='https:\/\/www.hipfl-walli.at\/hipfl-walli\/wp-content\/uploads\/2014\/09\/platzhalter_frau-150x150.jpg' alt=\"\" class=\"no_border\"><p>Sie haben die Panne, wir haben die L\u00f6sung. Rufen Sie zu jeder Tages- und Nachtzeit die Pannenhotline von Service24 an und wir kommen zum Pannenort. In den meisten F\u00e4llen k\u00f6nnen wir Ihr Fahrzeug vor Ort wieder flott\u00a0machen, falls dies nicht geht schleppen wir das defekte Fahrzeug in unsere Werkst\u00e4tte wo die Reparatur von unserem Fachpersonal durchgef\u00fchrt wird.<\/p><\/div>[\/vc_column][vc_column width=&#8220;1\/4&#8243;]<div class='featured margin-top-25 '><h5>\u00a757a Pickerl<\/h5><img src='https:\/\/www.hipfl-walli.at\/hipfl-walli\/wp-content\/uploads\/2014\/09\/pruefstelle-150x150.jpg' data-hoverimg='https:\/\/www.hipfl-walli.at\/hipfl-walli\/wp-content\/uploads\/2014\/09\/pruefstelle-150x150.jpg' alt=\"\" class=\"no_border\"><p>Wir machen Ihr Pickerl, egal welches Fahrzeug sie zu uns bringen. Mit unserem neuen Pr\u00fcfstand f\u00fcr LKW und schwere Anh\u00e4nger k\u00f6nnen wir vom Feuerwehrwagen bis zum 40-Tonnen Kran alles bewerkstelligen. Selbstverst\u00e4ndlich machen wir auch das Pickerl bei ihrem PKW und Motorrad.<\/p><\/div>[\/vc_column][vc_column width=&#8220;1\/4&#8243;]<div class='featured margin-top-25 '><h5>R\u00e4derwechsel<\/h5><img src='https:\/\/www.hipfl-walli.at\/hipfl-walli\/wp-content\/uploads\/2026\/02\/winterreifen-150x150.jpg' data-hoverimg='https:\/\/www.hipfl-walli.at\/hipfl-walli\/wp-content\/uploads\/2026\/02\/winterreifen-150x150.jpg' alt=\"\" class=\"no_border\"><p>Die Winterreifenpflicht gilt in \u00d6sterreich f\u00fcr Fahrzeuge der Klassen M1 und N1 (Personen-\/Kombinationskraftwagen, Lastkraftwagen bis 3,5 t) seit 1.1.2008 von 1. November bis 15. April.<\/p>\n<p>Wir wechseln Ihre R\u00e4der, kontrollieren und reinigen sie und lagern sie auf Wunsch ein.<\/p><\/div>[\/vc_column][vc_column width=&#8220;1\/4&#8243;]<div class='featured margin-top-25 '><h5>\u00a724a \u00dcberpr\u00fcfung<\/h5><img src='https:\/\/www.hipfl-walli.at\/hipfl-walli\/wp-content\/uploads\/2016\/01\/fahrtenschreiber01-150x150.jpg' data-hoverimg='https:\/\/www.hipfl-walli.at\/hipfl-walli\/wp-content\/uploads\/2016\/01\/fahrtenschreiber01-150x150.jpg' alt=\"\" class=\"no_border\"><p>Wir \u00dcberpr\u00fcfen und f\u00fchren die gesetzlich vorgeschriebene Eichung Ihres digitalen oder analogen Kontrollger\u00e4tes durch. Gerne tauschen wir Ihr Ger\u00e4t gegen ein neueres Modell und f\u00fchren notwendige Reperaturen fachgerecht aus. Falls notwendig wird auch der gesetzlich vorgeschriebene Geschwindigkeitsbegrenzer \u00fcberpr\u00fcft.<\/p><\/div>[\/vc_column][\/vc_row][vc_row css=&#8220;.vc_custom_1410986382806{margin-bottom: 20px !important;}&#8220; el_class=&#8220;margin-top-30&#8243;][vc_column][vc_column_text]<\/p>\n<h2 class=\"margin-top-none\" style=\"letter-spacing: -1.5px;\">Noch mehr\u00a0<span style='font-weight: 800;'>Services<\/span><\/h2>\n<p>[\/vc_column_text][\/vc_column][\/vc_row][vc_row el_class=&#8220;margin-bottom-none&#8220;][vc_column width=&#8220;1\/3&#8243;]<div class='detail-service '><div class='details margin-top-25'> <h5><i class='fa fa-wrench'><\/i>Reparatur<\/h5><p class='padding-top-10 margin-bottom-none'>Wir bringen Ihr Fahrzeug auf Vordermann \u2013 ob PKW oder LKW. Vom einfachen Jahresservice bis zur umfangreichen Restauration. Ihr Fahrzeug ist in k\u00fcrzester Zeit wieder einsatzbereit.<\/p><\/div><\/div>[\/vc_column][vc_column width=&#8220;1\/3&#8243;]<div class='detail-service '><div class='details margin-top-25'> <h5><i class='fa fa-trophy'><\/i>Renndienst<\/h5><p class='padding-top-10 margin-bottom-none'>Sie wollen Rennen gewinnen? Dann konzentrieren Sie sich auf das Wesentliche &#8211; das Fahren. Wir k\u00fcmmern uns um Ihren Rennwagen an den Rennwochenenden direkt vor Ort und in der harten Zeit zwischen den Rennen machen\u00a0wir Ihren Wagen bei uns wieder fit f\u00fcr das n\u00e4chste Rennen.<\/p><\/div><\/div>[\/vc_column][vc_column width=&#8220;1\/3&#8243;]<div class='detail-service '><div class='details margin-top-25'> <h5><i class='fa fa-car'><\/i>Ersatzwagen<\/h5><p class='padding-top-10 margin-bottom-none'>Sie sind t\u00e4glich auf Ihr Fahrzeug angewiesen, eine notwendige Reparatur l\u00e4sst sich jedoch nicht verschieben? Fragen sie einfach nach unserem Ersatzfahrzeug, kosteng\u00fcnstig h\u00e4lt er sie mobil! (Alternativ bieten wir auch einen Hol und Bring Service an, aber psst, nicht weitersagen&#8230;)<\/p><\/div><\/div>[\/vc_column][\/vc_row][vc_row css=&#8220;.vc_custom_1410986835459{margin-bottom: 0px !important;}&#8220; el_class=&#8220;margin-bottom-none padding-bottom-40&#8243;][vc_column width=&#8220;1\/3&#8243;]<div class='detail-service '><div class='details margin-top-25'> <h5><i class='fa fa-coffee'><\/i>Kaffeepause?<\/h5><p class='padding-top-10 margin-bottom-none'>Sie warten gleich auf Ihr Auto? Ja gerne, nehmen Sie sich doch einen Kaffee von unserer Kaffeemaschine im B\u00fcro. Vom Gro\u00dfen Braunen bis zum Latte, einfach M\u00fcnze einwerfen und Kaffee zu den entspannenden Kl\u00e4ngen von Radio Nieder\u00f6sterreich genie\u00dfen.<\/p><\/div><\/div>[\/vc_column][vc_column width=&#8220;1\/3&#8243;]<div class='detail-service '><div class='details margin-top-25'> <h5><i class='fa fa-truck'><\/i>LKW Service<\/h5><p class='padding-top-10 margin-bottom-none'>Mit unserer Jahrzehnte langen Erfahrung und dem neuen Pr\u00fcfstand sind wir die erste Wahl f\u00fcr Ihr LKW Service und die \u00a757a Pickerl \u00dcberpr\u00fcfung f\u00fcr Ihr gewerbliches Fahrzeug.<\/p><\/div><\/div>[\/vc_column][vc_column width=&#8220;1\/3&#8243;]<div class='detail-service '><div class='details margin-top-25'> <h5><i class='fa fa-cog'><\/i>24h Pannendienst<\/h5><p class='padding-top-10 margin-bottom-none'>Das kann nicht jeder anbieten, wir schon. Zu jeder Tages- und Nachtzeit sind wir f\u00fcr Sie im Panneneinsatz.<\/p><\/div><\/div>[\/vc_column][\/vc_row]<\/p>\n","protected":false},"excerpt":{"rendered":"<p>[vc_row css=&#8220;.vc_custom_1410986338320{margin-bottom: 0px !important;}&#8220; el_class=&#8220;margin-bottom-none padding-bottom-40&#8243;][vc_column width=&#8220;2\/3&#8243;][vc_column_text css=&#8220;.vc_custom_1449331252682{margin-bottom: 20px !important;}&#8220;]<\/p>\n<p> WAS K\u00d6NNEN WIR F\u00dcR SIE TUN? <\/p>\n<p>[\/vc_column_text][vc_column_text el_class=&#8220;padding-left-none xs-padding-bottom-40&#8243;]ir sind Ihr kompetenter Ansprechpartner f\u00fcr Ihr Kraftfahrzeug. Egal ob restauration Ihres Oldtimers, aufbau Ihres Rennboliden, Spezial auf- bzw umbau von Sonderfahrzeugen, betreuung Ihres Rennfahrzeuges an der Rennstrecke, Reparatur Ihres LKW vor Ort, oder einfach nur die gesetzlich Vorgeschriebenen \u00dcberpr\u00fcfungen, wir helfen Ihnen weiter![\/vc_column_text][\/vc_column][vc_column width=&#8220;1\/3&#8243;][vc_column_text css=&#8220;.vc_custom_1449331236155{margin-bottom: 20px !important;}&#8220;]<\/p>\n<p> UNSERE LEISTUNGEN <\/p>\n<p>[\/vc_column_text][\/vc_column][\/vc_row][vc_row el_class=&#8220;margin-bottom-none padding-bottom-20 margin-top-30&#8243;][vc_column][vc_column_text]<\/p>\n<p> Darauf sind wir\u00a0 <\/p>\n<p>[\/vc_column_text][\/vc_column][\/vc_row][vc_row el_class=&#8220;margin-bottom-none padding-bottom-40&#8243;][vc_column width=&#8220;1\/4&#8243;][\/vc_column][vc_column width=&#8220;1\/4&#8243;][\/vc_column][vc_column width=&#8220;1\/4&#8243;][\/vc_column][vc_column width=&#8220;1\/4&#8243;][\/vc_column][\/vc_row][vc_row css=&#8220;.vc_custom_1410986382806{margin-bottom: 20px !important;}&#8220; el_class=&#8220;margin-top-30&#8243;][vc_column][vc_column_text]<\/p>\n<p> Noch mehr\u00a0 <\/p>\n<p>[\/vc_column_text][\/vc_column][\/vc_row][vc_row el_class=&#8220;margin-bottom-none&#8220;][vc_column width=&#8220;1\/3&#8243;][\/vc_column][vc_column width=&#8220;1\/3&#8243;][\/vc_column][vc_column width=&#8220;1\/3&#8243;][\/vc_column][\/vc_row][vc_row css=&#8220;.vc_custom_1410986835459{margin-bottom: 0px !important;}&#8220; el_class=&#8220;margin-bottom-none padding-bottom-40&#8243;][vc_column width=&#8220;1\/3&#8243;][\/vc_column][vc_column width=&#8220;1\/3&#8243;][\/vc_column][vc_column width=&#8220;1\/3&#8243;][\/vc_column][\/vc_row]<\/p>\n","protected":false},"author":4,"featured_media":0,"parent":0,"menu_order":0,"comment_status":"closed","ping_status":"closed","template":"","meta":{"footnotes":""},"_links":{"self":[{"href":"https:\/\/www.hipfl-walli.at\/hipfl-walli\/index.php?rest_route=\/wp\/v2\/pages\/86"}],"collection":[{"href":"https:\/\/www.hipfl-walli.at\/hipfl-walli\/index.php?rest_route=\/wp\/v2\/pages"}],"about":[{"href":"https:\/\/www.hipfl-walli.at\/hipfl-walli\/index.php?rest_route=\/wp\/v2\/types\/page"}],"author":[{"embeddable":true,"href":"https:\/\/www.hipfl-walli.at\/hipfl-walli\/index.php?rest_route=\/wp\/v2\/users\/4"}],"replies":[{"embeddable":true,"href":"https:\/\/www.hipfl-walli.at\/hipfl-walli\/index.php?rest_route=%2Fwp%2Fv2%2Fcomments&post=86"}],"version-history":[{"count":26,"href":"https:\/\/www.hipfl-walli.at\/hipfl-walli\/index.php?rest_route=\/wp\/v2\/pages\/86\/revisions"}],"predecessor-version":[{"id":1239,"href":"https:\/\/www.hipfl-walli.at\/hipfl-walli\/index.php?rest_route=\/wp\/v2\/pages\/86\/revisions\/1239"}],"wp:attachment":[{"href":"https:\/\/www.hipfl-walli.at\/hipfl-walli\/index.php?rest_route=%2Fwp%2Fv2%2Fmedia&parent=86"}],"curies":[{"name":"wp","href":"https:\/\/api.w.org\/{rel}","templated":true}]}}